{"id":1401,"date":"2026-01-22T20:18:13","date_gmt":"2026-01-22T20:18:13","guid":{"rendered":"https:\/\/esim-miio.com\/?page_id=1401"},"modified":"2026-04-06T20:05:15","modified_gmt":"2026-04-06T20:05:15","slug":"contact","status":"publish","type":"page","link":"https:\/\/esim-miio.com\/ru\/contact\/","title":{"rendered":"\u041a\u043e\u043d\u0442\u0430\u043a\u0442"},"content":{"rendered":"<div data-elementor-type=\"wp-page\" data-elementor-id=\"1401\" class=\"elementor elementor-1401\" data-elementor-post-type=\"page\">\n\t\t\t\t<div class=\"elementor-element elementor-element-b4c6ba3 e-flex e-con-boxed e-con e-parent\" data-id=\"b4c6ba3\" data-element_type=\"container\" data-e-type=\"container\">\n\t\t\t\t\t<div class=\"e-con-inner\">\n\t\t<div class=\"elementor-element elementor-element-4e84475 e-con-full e-flex e-con e-child\" data-id=\"4e84475\" data-element_type=\"container\" data-e-type=\"container\">\n\t\t\t\t<div class=\"elementor-element elementor-element-9f957f0 elementor-widget elementor-widget-heading\" data-id=\"9f957f0\" data-element_type=\"widget\" data-e-type=\"widget\" data-widget_type=\"heading.default\">\n\t\t\t\t<div class=\"elementor-widget-container\">\n\t\t\t\t\t<h1 class=\"elementor-heading-title elementor-size-default\">\u0421\u0432\u044f\u0437\u0430\u0442\u044c\u0441\u044f \u0441 \u043d\u0430\u043c\u0438<\/h1>\t\t\t\t<\/div>\n\t\t\t\t<\/div>\n\t\t\t\t<div class=\"elementor-element elementor-element-cd66c25 elementor-widget elementor-widget-text-editor\" data-id=\"cd66c25\" data-element_type=\"widget\" data-e-type=\"widget\" data-widget_type=\"text-editor.default\">\n\t\t\t\t<div class=\"elementor-widget-container\">\n\t\t\t\t\t\t\t\t\t<p>\u041d\u0443\u0436\u043d\u0430 \u0438\u043d\u0444\u043e\u0440\u043c\u0430\u0446\u0438\u044f? \u0415\u0441\u0442\u044c \u043d\u0435\u0441\u043a\u043e\u043b\u044c\u043a\u043e \u0441\u043f\u043e\u0441\u043e\u0431\u043e\u0432 \u0431\u044b\u0441\u0442\u0440\u043e \u043f\u043e\u043b\u0443\u0447\u0438\u0442\u044c \u043e\u0442\u0432\u0435\u0442:<\/p>\t\t\t\t\t\t\t\t<\/div>\n\t\t\t\t<\/div>\n\t\t\t\t<div class=\"elementor-element elementor-element-a3a5acc elementor-widget elementor-widget-text-editor\" data-id=\"a3a5acc\" data-element_type=\"widget\" data-e-type=\"widget\" data-widget_type=\"text-editor.default\">\n\t\t\t\t<div class=\"elementor-widget-container\">\n\t\t\t\t\t\t\t\t\t<ul><li>\u0420\u0430\u0437\u0434\u0435\u043b \u0447\u0430\u0441\u0442\u043e \u0437\u0430\u0434\u0430\u0432\u0430\u0435\u043c\u044b\u0445 \u0432\u043e\u043f\u0440\u043e\u0441\u043e\u0432 (FAQ) \u043f\u043e\u043c\u043e\u0436\u0435\u0442 \u0432\u0430\u043c \u043d\u0430\u0439\u0442\u0438 \u043e\u0442\u0432\u0435\u0442\u044b \u043d\u0430 \u0432\u0441\u0435 \u0432\u043e\u043f\u0440\u043e\u0441\u044b \u0441\u0430\u043c\u043e\u0441\u0442\u043e\u044f\u0442\u0435\u043b\u044c\u043d\u043e.<\/li><li>\u0427\u0430\u0442-\u0431\u043e\u0442 \u043f\u043e\u043c\u043e\u0436\u0435\u0442 \u0432\u0430\u043c \u0432 \u043f\u043e\u0438\u0441\u043a\u0435.<\/li><li>\u041d\u0443\u0436\u0435\u043d \u0438\u043d\u0434\u0438\u0432\u0438\u0434\u0443\u0430\u043b\u044c\u043d\u044b\u0439 \u043e\u0442\u0432\u0435\u0442? \u0421\u0432\u044f\u0436\u0438\u0442\u0435\u0441\u044c \u0441 \u043d\u0430\u043c\u0438 \u043f\u043e \u044d\u043b\u0435\u043a\u0442\u0440\u043e\u043d\u043d\u043e\u0439 \u043f\u043e\u0447\u0442\u0435, \u043c\u044b \u043e\u0442\u0432\u0435\u0442\u0438\u043c \u0432 \u0442\u0435\u0447\u0435\u043d\u0438\u0435 \u0447\u0430\u0441\u0430.<\/li><\/ul>\t\t\t\t\t\t\t\t<\/div>\n\t\t\t\t<\/div>\n\t\t<div class=\"elementor-element elementor-element-29fc13c e-con-full e-grid e-con e-child\" data-id=\"29fc13c\" data-element_type=\"container\" data-e-type=\"container\">\n\t\t\t\t<div class=\"elementor-element elementor-element-5802d48 elementor-widget elementor-widget-button\" data-id=\"5802d48\" data-element_type=\"widget\" data-e-type=\"widget\" data-widget_type=\"button.default\">\n\t\t\t\t<div class=\"elementor-widget-container\">\n\t\t\t\t\t\t\t\t\t<div class=\"elementor-button-wrapper\">\n\t\t\t\t\t<a class=\"elementor-button elementor-button-link elementor-size-sm\" href=\"https:\/\/esim-miio.com\/ru\/faq\/\">\n\t\t\t\t\t\t<span class=\"elementor-button-content-wrapper\">\n\t\t\t\t\t\t\t\t\t<span class=\"elementor-button-text\">\u0427\u0430\u0441\u0442\u043e \u0437\u0430\u0434\u0430\u0432\u0430\u0435\u043c\u044b\u0435 \u0432\u043e\u043f\u0440\u043e\u0441\u044b<\/span>\n\t\t\t\t\t<\/span>\n\t\t\t\t\t<\/a>\n\t\t\t\t<\/div>\n\t\t\t\t\t\t\t\t<\/div>\n\t\t\t\t<\/div>\n\t\t\t\t<div class=\"elementor-element elementor-element-ede6b65 elementor-widget elementor-widget-button\" data-id=\"ede6b65\" data-element_type=\"widget\" data-e-type=\"widget\" data-widget_type=\"button.default\">\n\t\t\t\t<div class=\"elementor-widget-container\">\n\t\t\t\t\t\t\t\t\t<div class=\"elementor-button-wrapper\">\n\t\t\t\t\t<a class=\"elementor-button elementor-button-link elementor-size-sm\" href=\"mailto:contact@esim-miio.com\">\n\t\t\t\t\t\t<span class=\"elementor-button-content-wrapper\">\n\t\t\t\t\t\t\t\t\t<span class=\"elementor-button-text\">\u041d\u0430\u043f\u0438\u0448\u0438\u0442\u0435 \u043d\u0430\u043c<\/span>\n\t\t\t\t\t<\/span>\n\t\t\t\t\t<\/a>\n\t\t\t\t<\/div>\n\t\t\t\t\t\t\t\t<\/div>\n\t\t\t\t<\/div>\n\t\t\t\t<\/div>\n\t\t\t\t<\/div>\n\t\t<div class=\"elementor-element elementor-element-98436ac e-con-full e-flex e-con e-child\" data-id=\"98436ac\" data-element_type=\"container\" data-e-type=\"container\">\n\t\t\t\t<div class=\"elementor-element elementor-element-af5ea08 elementor-widget elementor-widget-image\" data-id=\"af5ea08\" data-element_type=\"widget\" data-e-type=\"widget\" data-widget_type=\"image.default\">\n\t\t\t\t<div class=\"elementor-widget-container\">\n\t\t\t\t\t\t\t\t\t\t\t\t\t\t\t<img fetchpriority=\"high\" decoding=\"async\" width=\"800\" height=\"534\" src=\"https:\/\/esim-miio.com\/wp-content\/uploads\/2026\/01\/pexels-yankrukov-8867262-1024x683.jpg\" class=\"attachment-large size-large wp-image-1403\" alt=\"\" srcset=\"https:\/\/esim-miio.com\/wp-content\/uploads\/2026\/01\/pexels-yankrukov-8867262-1024x683.jpg 1024w, https:\/\/esim-miio.com\/wp-content\/uploads\/2026\/01\/pexels-yankrukov-8867262-300x200.jpg 300w, https:\/\/esim-miio.com\/wp-content\/uploads\/2026\/01\/pexels-yankrukov-8867262-768x512.jpg 768w, https:\/\/esim-miio.com\/wp-content\/uploads\/2026\/01\/pexels-yankrukov-8867262-1536x1024.jpg 1536w, https:\/\/esim-miio.com\/wp-content\/uploads\/2026\/01\/pexels-yankrukov-8867262-2048x1365.jpg 2048w, https:\/\/esim-miio.com\/wp-content\/uploads\/2026\/01\/pexels-yankrukov-8867262-18x12.jpg 18w\" sizes=\"(max-width: 800px) 100vw, 800px\" \/>\t\t\t\t\t\t\t\t\t\t\t\t\t\t\t<\/div>\n\t\t\t\t<\/div>\n\t\t\t\t<\/div>\n\t\t\t\t\t<\/div>\n\t\t\t\t<\/div>\n\t\t\t\t<\/div>","protected":false},"excerpt":{"rendered":"<p>Nous contacter Besoin d&rsquo;un renseignement ? Plusieurs moyens pour une r\u00e9ponse rapide : La FAQ, pour trouver toutes les r\u00e9ponses par vous m\u00eame. Le Chatbot, pour vous aiguiller dans vos recherches. Besoin d&rsquo;une r\u00e9ponse personnalis\u00e9e ? Contactez nous par mail, nous vous r\u00e9pondons dans l&rsquo;heure. FAQ Nous \u00e9crire<\/p>","protected":false},"author":1,"featured_media":0,"parent":0,"menu_order":0,"comment_status":"closed","ping_status":"closed","template":"","meta":{"om_disable_all_campaigns":false,"_monsterinsights_skip_tracking":false,"_monsterinsights_sitenote_active":false,"_monsterinsights_sitenote_note":"","_monsterinsights_sitenote_category":0,"footnotes":""},"class_list":["post-1401","page","type-page","status-publish","hentry"],"aioseo_notices":[],"_links":{"self":[{"href":"https:\/\/esim-miio.com\/ru\/wp-json\/wp\/v2\/pages\/1401","targetHints":{"allow":["GET"]}}],"collection":[{"href":"https:\/\/esim-miio.com\/ru\/wp-json\/wp\/v2\/pages"}],"about":[{"href":"https:\/\/esim-miio.com\/ru\/wp-json\/wp\/v2\/types\/page"}],"author":[{"embeddable":true,"href":"https:\/\/esim-miio.com\/ru\/wp-json\/wp\/v2\/users\/1"}],"replies":[{"embeddable":true,"href":"https:\/\/esim-miio.com\/ru\/wp-json\/wp\/v2\/comments?post=1401"}],"version-history":[{"count":26,"href":"https:\/\/esim-miio.com\/ru\/wp-json\/wp\/v2\/pages\/1401\/revisions"}],"predecessor-version":[{"id":2148,"href":"https:\/\/esim-miio.com\/ru\/wp-json\/wp\/v2\/pages\/1401\/revisions\/2148"}],"wp:attachment":[{"href":"https:\/\/esim-miio.com\/ru\/wp-json\/wp\/v2\/media?parent=1401"}],"curies":[{"name":"WP","href":"https:\/\/api.w.org\/{rel}","templated":true}]}}