{"id":1388,"date":"2026-01-19T16:57:38","date_gmt":"2026-01-19T16:57:38","guid":{"rendered":"https:\/\/esim-miio.com\/?page_id=1388"},"modified":"2026-01-24T08:43:41","modified_gmt":"2026-01-24T08:43:41","slug":"mentions-legales","status":"publish","type":"page","link":"https:\/\/esim-miio.com\/ru\/mentions-legales\/","title":{"rendered":"\u042e\u0440\u0438\u0434\u0438\u0447\u0435\u0441\u043a\u043e\u0435 \u0443\u0432\u0435\u0434\u043e\u043c\u043b\u0435\u043d\u0438\u0435"},"content":{"rendered":"<h2 class=\"wp-block-heading\"><\/h2>\n\n\n\n<p>\u0412 \u0441\u043e\u043e\u0442\u0432\u0435\u0442\u0441\u0442\u0432\u0438\u0438 \u0441 \u043f\u043e\u043b\u043e\u0436\u0435\u043d\u0438\u044f\u043c\u0438 \u0417\u0430\u043a\u043e\u043d\u0430 \u2116 2004-575 \u043e\u0442 21 \u0438\u044e\u043d\u044f 2004 \u0433\u043e\u0434\u0430 \u043e \u0434\u043e\u0432\u0435\u0440\u0438\u0438 \u043a \u0446\u0438\u0444\u0440\u043e\u0432\u043e\u0439 \u044d\u043a\u043e\u043d\u043e\u043c\u0438\u043a\u0435, \u043f\u043e\u043b\u044c\u0437\u043e\u0432\u0430\u0442\u0435\u043b\u0438 \u0441\u0430\u0439\u0442\u0430 \u043d\u0430\u0441\u0442\u043e\u044f\u0449\u0438\u043c \u0443\u0432\u0435\u0434\u043e\u043c\u043b\u044f\u044e\u0442\u0441\u044f \u043e\u0431 \u044d\u0442\u043e\u043c. <strong>\u041c\u0438\u0438\u043e<\/strong> \u0438\u0434\u0435\u043d\u0442\u0438\u0444\u0438\u043a\u0430\u0446\u0438\u044f \u0440\u0430\u0437\u043b\u0438\u0447\u043d\u044b\u0445 \u0437\u0430\u0438\u043d\u0442\u0435\u0440\u0435\u0441\u043e\u0432\u0430\u043d\u043d\u044b\u0445 \u0441\u0442\u043e\u0440\u043e\u043d, \u0443\u0447\u0430\u0441\u0442\u0432\u0443\u044e\u0449\u0438\u0445 \u0432 \u0435\u0433\u043e \u0440\u0435\u0430\u043b\u0438\u0437\u0430\u0446\u0438\u0438 \u0438 \u043c\u043e\u043d\u0438\u0442\u043e\u0440\u0438\u043d\u0433\u0435.<\/p>\n\n\n\n<h3 class=\"wp-block-heading\"><strong>1. \u0418\u0437\u0434\u0430\u0442\u0435\u043b\u044c \u0432\u0435\u0431-\u0441\u0430\u0439\u0442\u0430<\/strong><\/h3>\n\n\n\n<p>\u042d\u0442\u043e\u0442 \u0432\u0435\u0431-\u0441\u0430\u0439\u0442 \u0434\u043e\u0441\u0442\u0443\u043f\u0435\u043d \u043f\u043e \u0430\u0434\u0440\u0435\u0441\u0443 [URL].<a href=\"https:\/\/esim-miio.com\/ru\/\"> <strong>https:\/\/www.esim-miio.com\/<\/strong><\/a>, \u0418\u0437\u0434\u0430\u0442\u0435\u043b\u044c:<\/p>\n\n\n\n<ul class=\"wp-block-list\">\n<li><strong>\u041d\u0430\u0437\u0432\u0430\u043d\u0438\u0435 \u043a\u043e\u043c\u043f\u0430\u043d\u0438\u0438:<\/strong> <strong>\u041c\u0438\u0438\u043e<\/strong><\/li>\n\n\n\n<li><strong>\u041f\u0440\u0430\u0432\u043e\u0432\u043e\u0439 \u0441\u0442\u0430\u0442\u0443\u0441:<\/strong> <strong>\u00a0\u0423\u043f\u0440\u043e\u0449\u0435\u043d\u043d\u043e\u0435 \u0430\u043a\u0446\u0438\u043e\u043d\u0435\u0440\u043d\u043e\u0435 \u043e\u0431\u0449\u0435\u0441\u0442\u0432\u043e \u0441 \u043e\u0434\u043d\u0438\u043c \u0430\u043a\u0446\u0438\u043e\u043d\u0435\u0440\u043e\u043c<\/strong><\/li>\n\n\n\n<li><strong>\u0410\u043a\u0446\u0438\u043e\u043d\u0435\u0440\u043d\u044b\u0439 \u043a\u0430\u043f\u0438\u0442\u0430\u043b:<\/strong> <strong>3 500 \u20ac<\/strong><\/li>\n\n\n\n<li><strong>\u0413\u043e\u043b\u043e\u0432\u043d\u043e\u0439 \u043e\u0444\u0438\u0441:<\/strong> <strong>60, \u0443\u043b\u0438\u0446\u0430 \u0424\u0440\u0430\u043d\u0441\u0443\u0430 1er \u2013 75008 \u041f\u0410\u0420\u0418\u0416<\/strong><\/li>\n\n\n\n<li><strong>\u041d\u043e\u043c\u0435\u0440 RCS:<\/strong> <strong>814 428 785<\/strong><\/li>\n\n\n\n<li><strong>\u041d\u043e\u043c\u0435\u0440 \u043f\u043b\u0430\u0442\u0435\u043b\u044c\u0449\u0438\u043a\u0430 \u041d\u0414\u0421 \u0432\u043d\u0443\u0442\u0440\u0438 \u0421\u043e\u043e\u0431\u0449\u0435\u0441\u0442\u0432\u0430:<\/strong> <strong>FR91992728840<\/strong><\/li>\n<\/ul>\n\n\n\n<p><strong>\u042e\u0440\u0438\u0434\u0438\u0447\u0435\u0441\u043a\u0438\u0439 \u043f\u0440\u0435\u0434\u0441\u0442\u0430\u0432\u0438\u0442\u0435\u043b\u044c:<\/strong> <strong>\u0421\u0442\u0435\u0444\u0430\u043d \u0411\u0440\u0443\u043d<\/strong>, \u0432 \u043a\u0430\u0447\u0435\u0441\u0442\u0432\u0435 <strong>\u0413\u0435\u043d\u0435\u0440\u0430\u043b\u044c\u043d\u044b\u0439 \u0434\u0438\u0440\u0435\u043a\u0442\u043e\u0440 \u043a\u043e\u043c\u043f\u0430\u043d\u0438\u0438 Miio<\/strong>.<\/p>\n\n\n\n<p><strong>\u041a\u043e\u043d\u0442\u0430\u043a\u0442 :<\/strong><\/p>\n\n\n\n<ul class=\"wp-block-list\">\n<li><strong>\u0410\u0434\u0440\u0435\u0441 \u044d\u043b\u0435\u043a\u0442\u0440\u043e\u043d\u043d\u043e\u0439 \u043f\u043e\u0447\u0442\u044b :<\/strong> <strong>contact@esim-miio.com<\/strong><\/li>\n<\/ul>\n\n\n\n<h3 class=\"wp-block-heading\"><strong>2. \u0420\u0430\u0437\u043c\u0435\u0449\u0435\u043d\u0438\u0435<\/strong><\/h3>\n\n\n\n<p>\u0412\u0435\u0431-\u0441\u0430\u0439\u0442 <strong>\u041c\u0438\u0438\u043e<\/strong> \u0440\u0430\u0437\u043c\u0435\u0449\u0435\u043d\u043e \u043d\u0430:<\/p>\n\n\n\n<ul class=\"wp-block-list\">\n<li><strong>\u041d\u0430\u0437\u0432\u0430\u043d\u0438\u0435 \u043a\u043e\u043c\u043f\u0430\u043d\u0438\u0438-\u043f\u0440\u043e\u0432\u0430\u0439\u0434\u0435\u0440\u0430 \u0445\u043e\u0441\u0442\u0438\u043d\u0433\u0430:<\/strong> <strong>Hostinger International Ltd<\/strong><\/li>\n\n\n\n<li><strong>\u0410\u0434\u0440\u0435\u0441 \u0445\u043e\u0437\u044f\u0438\u043d\u0430:<\/strong> <strong>\u0423\u043b\u0438\u0446\u0430 \u041b\u043e\u0440\u0434\u0443 \u0412\u0438\u0440\u043e\u043d\u043e\u0441, 61, \u041b\u0430\u0440\u043d\u0430\u043a\u0430, 6023, \u041a\u0438\u043f\u0440<\/strong><strong>,<\/strong><\/li>\n\n\n\n<li><strong>\u041a\u043e\u043d\u0442\u0430\u043a\u0442\u043d\u043e\u0435 \u043b\u0438\u0446\u043e \u043f\u0440\u0438\u043d\u0438\u043c\u0430\u044e\u0449\u0435\u0439 \u0441\u0442\u043e\u0440\u043e\u043d\u044b:<\/strong> <strong>https:\/\/www.hostinger.fr\/contact<\/strong><\/li>\n<\/ul>\n\n\n\n<h3 class=\"wp-block-heading\"><strong>3. \u041e\u0431\u0449\u0438\u0435 \u0443\u0441\u043b\u043e\u0432\u0438\u044f \u043f\u0440\u043e\u0434\u0430\u0436\u0438 (\u041e\u0423\u041f)<\/strong><\/h3>\n\n\n\n<p>\u0414\u0435\u0439\u0441\u0442\u0432\u0443\u044e\u0449\u0438\u043c\u0438 \u044f\u0432\u043b\u044f\u044e\u0442\u0441\u044f \u041e\u0431\u0449\u0438\u0435 \u0443\u0441\u043b\u043e\u0432\u0438\u044f \u043f\u0440\u043e\u0434\u0430\u0436\u0438 \u043a\u043e\u043c\u043f\u0430\u043d\u0438\u0438. <strong>\u041c\u0438\u0438\u043e. <\/strong>\u041f\u043e\u043b\u043d\u044b\u0435 \u0443\u0441\u043b\u043e\u0432\u0438\u044f \u0438\u0441\u043f\u043e\u043b\u044c\u0437\u043e\u0432\u0430\u043d\u0438\u044f \u0434\u043e\u0441\u0442\u0443\u043f\u043d\u044b \u043d\u0430 \u0441\u043f\u0435\u0446\u0438\u0430\u043b\u044c\u043d\u043e\u0439 \u0441\u0442\u0440\u0430\u043d\u0438\u0446\u0435 \u0441\u0430\u0439\u0442\u0430. <a href=\"https:\/\/esim-miio.com\/ru\/terms-and-conditions\/\"><strong>\u043d\u0430\u0448\u0438 \u0443\u0441\u043b\u043e\u0432\u0438\u044f \u0438 \u043f\u043e\u043b\u043e\u0436\u0435\u043d\u0438\u044f<\/strong><\/a>.<\/p>\n\n\n\n<p><\/p>","protected":false},"excerpt":{"rendered":"<p>Conform\u00e9ment aux dispositions de la loi n\u00b0 2004-575 du 21 juin 2004 pour la confiance en l&rsquo;\u00e9conomie num\u00e9rique, il est pr\u00e9cis\u00e9 aux utilisateurs du site Miio l&rsquo;identit\u00e9 des diff\u00e9rents intervenants dans le cadre de sa r\u00e9alisation et de son suivi. 1. \u00c9diteur du Site Le pr\u00e9sent site, accessible \u00e0 l\u2019URL https:\/\/www.esim-miio.com\/, est \u00e9dit\u00e9 par : [&hellip;]<\/p>\n","protected":false},"author":1,"featured_media":0,"parent":0,"menu_order":0,"comment_status":"closed","ping_status":"closed","template":"","meta":{"om_disable_all_campaigns":false,"_monsterinsights_skip_tracking":false,"_monsterinsights_sitenote_active":false,"_monsterinsights_sitenote_note":"","_monsterinsights_sitenote_category":0,"footnotes":""},"class_list":["post-1388","page","type-page","status-publish","hentry"],"aioseo_notices":[],"_links":{"self":[{"href":"https:\/\/esim-miio.com\/ru\/wp-json\/wp\/v2\/pages\/1388","targetHints":{"allow":["GET"]}}],"collection":[{"href":"https:\/\/esim-miio.com\/ru\/wp-json\/wp\/v2\/pages"}],"about":[{"href":"https:\/\/esim-miio.com\/ru\/wp-json\/wp\/v2\/types\/page"}],"author":[{"embeddable":true,"href":"https:\/\/esim-miio.com\/ru\/wp-json\/wp\/v2\/users\/1"}],"replies":[{"embeddable":true,"href":"https:\/\/esim-miio.com\/ru\/wp-json\/wp\/v2\/comments?post=1388"}],"version-history":[{"count":1,"href":"https:\/\/esim-miio.com\/ru\/wp-json\/wp\/v2\/pages\/1388\/revisions"}],"predecessor-version":[{"id":1389,"href":"https:\/\/esim-miio.com\/ru\/wp-json\/wp\/v2\/pages\/1388\/revisions\/1389"}],"wp:attachment":[{"href":"https:\/\/esim-miio.com\/ru\/wp-json\/wp\/v2\/media?parent=1388"}],"curies":[{"name":"WP","href":"https:\/\/api.w.org\/{rel}","templated":true}]}}