{"id":1388,"date":"2026-01-19T16:57:38","date_gmt":"2026-01-19T16:57:38","guid":{"rendered":"https:\/\/esim-miio.com\/?page_id=1388"},"modified":"2026-01-24T08:43:41","modified_gmt":"2026-01-24T08:43:41","slug":"mentions-legales","status":"publish","type":"page","link":"https:\/\/esim-miio.com\/en\/mentions-legales\/","title":{"rendered":"Legal notice"},"content":{"rendered":"<h2 class=\"wp-block-heading\"><\/h2>\n\n\n\n<p>In accordance with the provisions of Law No. 2004-575 of 21 June 2004 on Confidence in the Digital Economy, users of the site are hereby informed <strong>Miio<\/strong> the identity of the various stakeholders involved in its implementation and monitoring.<\/p>\n\n\n\n<h3 class=\"wp-block-heading\"><strong>1. Website Publisher<\/strong><\/h3>\n\n\n\n<p>This website, accessible at the URL<a href=\"https:\/\/esim-miio.com\/en\/\"> <strong>https:\/\/www.esim-miio.com\/<\/strong><\/a>, is published by:<\/p>\n\n\n\n<ul class=\"wp-block-list\">\n<li><strong>Company name:<\/strong> <strong>Miio<\/strong><\/li>\n\n\n\n<li><strong>Legal status :<\/strong> <strong>\u00a0Simplified Joint-Stock Company with a Single Shareholder<\/strong><\/li>\n\n\n\n<li><strong>Share capital:<\/strong> <strong>3 500 \u20ac<\/strong><\/li>\n\n\n\n<li><strong>Head office:<\/strong> <strong>60 rue Fran\u00e7ois 1er \u2013 75008 PARIS<\/strong><\/li>\n\n\n\n<li><strong>RCS number:<\/strong> <strong>814 428 785<\/strong><\/li>\n\n\n\n<li><strong>Intra-Community VAT number:<\/strong> <strong>FR91992728840<\/strong><\/li>\n<\/ul>\n\n\n\n<p><strong>Legal representative:<\/strong> <strong>St\u00e9phane BRUN<\/strong>, in the capacity of <strong>CEO of the company Miio<\/strong>.<\/p>\n\n\n\n<p><strong>Contact :<\/strong><\/p>\n\n\n\n<ul class=\"wp-block-list\">\n<li><strong>E-mail address :<\/strong> <strong>contact@esim-miio.com<\/strong><\/li>\n<\/ul>\n\n\n\n<h3 class=\"wp-block-heading\"><strong>2. Accommodation<\/strong><\/h3>\n\n\n\n<p>The website <strong>Miio<\/strong> is hosted by:<\/p>\n\n\n\n<ul class=\"wp-block-list\">\n<li><strong>Company name of the hosting provider:<\/strong> <strong>Hostinger International Ltd<\/strong><\/li>\n\n\n\n<li><strong>Host&#039;s address:<\/strong> <strong>61 Lordou Vironos Street, 6023 Larnaca, Cyprus<\/strong><strong>,<\/strong><\/li>\n\n\n\n<li><strong>Host contact:<\/strong> <strong>https:\/\/www.hostinger.fr\/contact<\/strong><\/li>\n<\/ul>\n\n\n\n<h3 class=\"wp-block-heading\"><strong>3. General Terms and Conditions of Sale (GTC)<\/strong><\/h3>\n\n\n\n<p>The applicable General Terms and Conditions of Sale are those of the company <strong>Miio. <\/strong>The full terms and conditions are available on the dedicated page of the website. <a href=\"https:\/\/esim-miio.com\/en\/terms-and-conditions\/\"><strong>our terms and conditions<\/strong><\/a>.<\/p>\n\n\n\n<p><\/p>","protected":false},"excerpt":{"rendered":"<p>Conform\u00e9ment aux dispositions de la loi n\u00b0 2004-575 du 21 juin 2004 pour la confiance en l&rsquo;\u00e9conomie num\u00e9rique, il est pr\u00e9cis\u00e9 aux utilisateurs du site Miio l&rsquo;identit\u00e9 des diff\u00e9rents intervenants dans le cadre de sa r\u00e9alisation et de son suivi. 1. \u00c9diteur du Site Le pr\u00e9sent site, accessible \u00e0 l\u2019URL https:\/\/www.esim-miio.com\/, est \u00e9dit\u00e9 par : [&hellip;]<\/p>\n","protected":false},"author":1,"featured_media":0,"parent":0,"menu_order":0,"comment_status":"closed","ping_status":"closed","template":"","meta":{"om_disable_all_campaigns":false,"_monsterinsights_skip_tracking":false,"_monsterinsights_sitenote_active":false,"_monsterinsights_sitenote_note":"","_monsterinsights_sitenote_category":0,"footnotes":""},"class_list":["post-1388","page","type-page","status-publish","hentry"],"aioseo_notices":[],"_links":{"self":[{"href":"https:\/\/esim-miio.com\/en\/wp-json\/wp\/v2\/pages\/1388","targetHints":{"allow":["GET"]}}],"collection":[{"href":"https:\/\/esim-miio.com\/en\/wp-json\/wp\/v2\/pages"}],"about":[{"href":"https:\/\/esim-miio.com\/en\/wp-json\/wp\/v2\/types\/page"}],"author":[{"embeddable":true,"href":"https:\/\/esim-miio.com\/en\/wp-json\/wp\/v2\/users\/1"}],"replies":[{"embeddable":true,"href":"https:\/\/esim-miio.com\/en\/wp-json\/wp\/v2\/comments?post=1388"}],"version-history":[{"count":1,"href":"https:\/\/esim-miio.com\/en\/wp-json\/wp\/v2\/pages\/1388\/revisions"}],"predecessor-version":[{"id":1389,"href":"https:\/\/esim-miio.com\/en\/wp-json\/wp\/v2\/pages\/1388\/revisions\/1389"}],"wp:attachment":[{"href":"https:\/\/esim-miio.com\/en\/wp-json\/wp\/v2\/media?parent=1388"}],"curies":[{"name":"wp","href":"https:\/\/api.w.org\/{rel}","templated":true}]}}